{"id":168,"date":"2024-03-04T19:36:56","date_gmt":"2024-03-04T19:36:56","guid":{"rendered":"https:\/\/vitalanguageservices.ca\/?page_id=168"},"modified":"2024-04-07T06:38:52","modified_gmt":"2024-04-07T06:38:52","slug":"about","status":"publish","type":"page","link":"https:\/\/vitalanguageservices.ca\/fr\/about\/","title":{"rendered":"\u00c0 Propos"},"content":{"rendered":"<div data-elementor-type=\"wp-page\" data-elementor-id=\"168\" class=\"elementor elementor-168\" data-elementor-post-type=\"page\">\n\t\t\t\t\t\t<section class=\"elementor-section elementor-top-section elementor-element elementor-element-785837f7 elementor-section-stretched elementor-section-full_width elementor-section-height-default elementor-section-height-default\" data-id=\"785837f7\" data-element_type=\"section\" data-e-type=\"section\" data-settings=\"{&quot;stretch_section&quot;:&quot;section-stretched&quot;,&quot;shape_divider_top&quot;:&quot;mountains&quot;}\">\n\t\t\t\t\t<div class=\"elementor-shape elementor-shape-top\" aria-hidden=\"true\" data-negative=\"false\">\n\t\t\t<svg xmlns=\"http:\/\/www.w3.org\/2000\/svg\" viewbox=\"0 0 1000 100\" preserveaspectratio=\"none\">\n\t<path class=\"elementor-shape-fill\" opacity=\"0.33\" d=\"M473,67.3c-203.9,88.3-263.1-34-320.3,0C66,119.1,0,59.7,0,59.7V0h1000v59.7 c0,0-62.1,26.1-94.9,29.3c-32.8,3.3-62.8-12.3-75.8-22.1C806,49.6,745.3,8.7,694.9,4.7S492.4,59,473,67.3z\"\/>\n\t<path class=\"elementor-shape-fill\" opacity=\"0.66\" d=\"M734,67.3c-45.5,0-77.2-23.2-129.1-39.1c-28.6-8.7-150.3-10.1-254,39.1 s-91.7-34.4-149.2,0C115.7,118.3,0,39.8,0,39.8V0h1000v36.5c0,0-28.2-18.5-92.1-18.5C810.2,18.1,775.7,67.3,734,67.3z\"\/>\n\t<path class=\"elementor-shape-fill\" d=\"M766.1,28.9c-200-57.5-266,65.5-395.1,19.5C242,1.8,242,5.4,184.8,20.6C128,35.8,132.3,44.9,89.9,52.5C28.6,63.7,0,0,0,0 h1000c0,0-9.9,40.9-83.6,48.1S829.6,47,766.1,28.9z\"\/>\n<\/svg>\t\t<\/div>\n\t\t\t\t\t<div class=\"elementor-container elementor-column-gap-default\">\n\t\t\t\t\t<div class=\"elementor-column elementor-col-100 elementor-top-column elementor-element elementor-element-593428a4\" data-id=\"593428a4\" data-element_type=\"column\" data-e-type=\"column\">\n\t\t\t<div class=\"elementor-widget-wrap elementor-element-populated\">\n\t\t\t\t\t\t<div class=\"elementor-element elementor-element-2ceafee1 elementor-widget elementor-widget-spacer\" data-id=\"2ceafee1\" data-element_type=\"widget\" data-e-type=\"widget\" data-widget_type=\"spacer.default\">\n\t\t\t\t<div class=\"elementor-widget-container\">\n\t\t\t\t\t\t\t<div class=\"elementor-spacer\">\n\t\t\t<div class=\"elementor-spacer-inner\"><\/div>\n\t\t<\/div>\n\t\t\t\t\t\t<\/div>\n\t\t\t\t<\/div>\n\t\t\t\t\t<\/div>\n\t\t<\/div>\n\t\t\t\t\t<\/div>\n\t\t<\/section>\n\t\t\t\t<section class=\"elementor-section elementor-top-section elementor-element elementor-element-44d31c8c elementor-section-stretched elementor-section-full_width elementor-section-height-default elementor-section-height-default\" data-id=\"44d31c8c\" data-element_type=\"section\" data-e-type=\"section\" data-settings=\"{&quot;stretch_section&quot;:&quot;section-stretched&quot;}\">\n\t\t\t\t\t\t<div class=\"elementor-container elementor-column-gap-default\">\n\t\t\t\t\t<div class=\"elementor-column elementor-col-100 elementor-top-column elementor-element elementor-element-5c9c67\" data-id=\"5c9c67\" data-element_type=\"column\" data-e-type=\"column\">\n\t\t\t<div class=\"elementor-widget-wrap elementor-element-populated\">\n\t\t\t\t\t\t<div class=\"elementor-element elementor-element-4a4b99b5 elementor-widget elementor-widget-spacer\" data-id=\"4a4b99b5\" data-element_type=\"widget\" data-e-type=\"widget\" data-widget_type=\"spacer.default\">\n\t\t\t\t<div class=\"elementor-widget-container\">\n\t\t\t\t\t\t\t<div class=\"elementor-spacer\">\n\t\t\t<div class=\"elementor-spacer-inner\"><\/div>\n\t\t<\/div>\n\t\t\t\t\t\t<\/div>\n\t\t\t\t<\/div>\n\t\t\t\t\t<\/div>\n\t\t<\/div>\n\t\t\t\t\t<\/div>\n\t\t<\/section>\n\t\t\t\t<section class=\"elementor-section elementor-top-section elementor-element elementor-element-47f349b9 elementor-section-boxed elementor-section-height-default elementor-section-height-default\" data-id=\"47f349b9\" data-element_type=\"section\" data-e-type=\"section\">\n\t\t\t\t\t\t<div class=\"elementor-container elementor-column-gap-default\">\n\t\t\t\t\t<div class=\"elementor-column elementor-col-100 elementor-top-column elementor-element elementor-element-69987f34\" data-id=\"69987f34\" data-element_type=\"column\" data-e-type=\"column\">\n\t\t\t<div class=\"elementor-widget-wrap elementor-element-populated\">\n\t\t\t\t\t\t<div class=\"elementor-element elementor-element-dc24e92 elementor-widget elementor-widget-heading\" data-id=\"dc24e92\" data-element_type=\"widget\" data-e-type=\"widget\" data-widget_type=\"heading.default\">\n\t\t\t\t<div class=\"elementor-widget-container\">\n\t\t\t\t\t<h2 class=\"elementor-heading-title elementor-size-default\">\u00c0 Propos<\/h2>\t\t\t\t<\/div>\n\t\t\t\t<\/div>\n\t\t\t\t\t<\/div>\n\t\t<\/div>\n\t\t\t\t\t<\/div>\n\t\t<\/section>\n\t\t\t\t<section class=\"elementor-section elementor-top-section elementor-element elementor-element-2a3c9f7c elementor-section-boxed elementor-section-height-default elementor-section-height-default\" data-id=\"2a3c9f7c\" data-element_type=\"section\" data-e-type=\"section\">\n\t\t\t\t\t\t<div class=\"elementor-container elementor-column-gap-default\">\n\t\t\t\t\t<div class=\"elementor-column elementor-col-50 elementor-top-column elementor-element elementor-element-5a17556c\" data-id=\"5a17556c\" data-element_type=\"column\" data-e-type=\"column\">\n\t\t\t<div class=\"elementor-widget-wrap elementor-element-populated\">\n\t\t\t\t\t\t<div class=\"elementor-element elementor-element-e97077e animated-slow elementor-invisible elementor-widget elementor-widget-Ihover\" data-id=\"e97077e\" data-element_type=\"widget\" data-e-type=\"widget\" data-settings=\"{&quot;_animation&quot;:&quot;fadeInLeft&quot;}\" data-widget_type=\"Ihover.default\">\n\t\t\t\t<div class=\"elementor-widget-container\">\n\t\t\t\t\t\r\n\t\t<!--====== HTML CODING START ========-->\r\n\r\n\t\t<div class=\"ih-item ihe-fade square effect6 from_top_and_bottom\">\r\n\t\t\t\t\t\t\t\t\t\t<a>\r\n\t\t\t\t\t      <div class=\"img\">\r\n\t\t      <span style=\"box-shadow: inset 0 0 0 px , 0 1px 2px rgba(0, 0, 0, .3); opacity: 0.6;\"><\/span>\r\n\t\t      \t<img fetchpriority=\"high\" decoding=\"async\" width=\"225\" height=\"300\" src=\"https:\/\/vitalanguageservices.ca\/wp-content\/uploads\/2024\/04\/2020-Selfie-small-225x300.jpg\" class=\"attachment-medium size-medium wp-image-717\" alt=\"\" srcset=\"https:\/\/vitalanguageservices.ca\/wp-content\/uploads\/2024\/04\/2020-Selfie-small-225x300.jpg 225w, https:\/\/vitalanguageservices.ca\/wp-content\/uploads\/2024\/04\/2020-Selfie-small-9x12.jpg 9w, https:\/\/vitalanguageservices.ca\/wp-content\/uploads\/2024\/04\/2020-Selfie-small.jpg 321w\" sizes=\"(max-width: 225px) 100vw, 225px\" \/>\t\t      <\/div>\r\n\t\t      <div class=\"info\" style=\"background-color: #4B5439;\">\r\n\t\t      \t<div style=\"display:table;width:100%;height:100%;\">\r\n\t\t\t    \t<div style=\"display: table-cell !important;vertical-align: middle !important;\">\r\n\t\t\t\t      \t<h3 style=\"color: #fff; text-align: center;\">\r\n\t\t\t\t      \t\t\t\t\t\t      \t<\/h3>\r\n\t\t\t\t      \t<p style=\"color: #fff; text-align: center;\">\r\n\t\t\t\t      \t\t\t\t\t\t      \t<\/p>\r\n\t\t\t\t    <\/div>\r\n\t\t\t\t<\/div>\r\n\t\t      <\/div>\r\n\t\t    <\/a>\r\n\t\t<\/div>\t\r\n\t\t\t\t\t\t<\/div>\n\t\t\t\t<\/div>\n\t\t\t\t\t<\/div>\n\t\t<\/div>\n\t\t\t\t<div class=\"elementor-column elementor-col-50 elementor-top-column elementor-element elementor-element-58d7c93f\" data-id=\"58d7c93f\" data-element_type=\"column\" data-e-type=\"column\">\n\t\t\t<div class=\"elementor-widget-wrap elementor-element-populated\">\n\t\t\t\t\t\t<div class=\"elementor-element elementor-element-728db00b animated-slow elementor-invisible elementor-widget elementor-widget-text-editor\" data-id=\"728db00b\" data-element_type=\"widget\" data-e-type=\"widget\" data-settings=\"{&quot;_animation&quot;:&quot;slideInRight&quot;}\" data-widget_type=\"text-editor.default\">\n\t\t\t\t<div class=\"elementor-widget-container\">\n\t\t\t\t\t\t\t\t\t<p>Je suis une passionn\u00e9e des mots, avec un penchant particulier pour les sonnets de Shakespeare et la lecture de dictionnaires pour le plaisir. Je corrige toutes les fautes de frappe que je rencontre \u2013 surtout dans ma t\u00eate parce que je tiens \u00e0 mes amiti\u00e9s! En tant que jeune fran\u00e7aise vivant \u00e0 Montr\u00e9al, j'ai eu la chance de fr\u00e9quenter des \u00e9coles avec un programme europ\u00e9en qui mettait l'accent sur la composition, la dict\u00e9e, l'analyse grammaticale et l'analyse logique \u2013 que j'adorais \u2013 avec deux ans de latin et un soup\u00e7on de grec ancien.<\/p><p>\u00c0 13 ans, ma m\u00e8re m' a envoy\u00e9e dans une \u00e9cole secondaire anglophone et c'\u00e9tait une situation de \"\u00e7a passe ou \u00e7a casse! \u00c7a a pass\u00e9! En trois mois, j'ai acquis une aisance suffisante pour pouvoir fonctionner. Je suis retourn\u00e9e en France plus tard cette ann\u00e9e-l\u00e0 et j'ai maintenu mon anglais en traduisant les paroles de tous mes groupes pr\u00e9f\u00e9r\u00e9s! C'\u00e9tait le d\u00e9but de mon amour des mots, des langues et de la traduction.<\/p><p>Au d\u00e9but de la vingtaine, de retour au Canada depuis quelques ann\u00e9es, je suis tomb\u00e9e sous le charme de la C\u00f4te ouest et j'ai d\u00e9m\u00e9nag\u00e9 \u00e0 Vancouver avec mon jeune fils, et c'est l\u00e0 que j'ai vraiment appris \u00e0 parler couramment l'anglais. J'ai m\u00eame pass\u00e9 quelques ann\u00e9es sans parler un mot de fran\u00e7ais!<\/p><p>\u00c0 30 ans, apr\u00e8s deux ans pass\u00e9s \u00e0 Hanovre, en Allemagne, o\u00f9 j'ai acquis une aisance linguistique suffisante pour lire Herman Hesse et Franz Kafka dans leur langue maternelle, j'ai d\u00e9m\u00e9nag\u00e9 \u00e0 Nelson pour offrir un environnement s\u00fbr \u00e0 mon fils. La rumeur s'est r\u00e9pandue que je parlais \"fran\u00e7ais de France\" et diverses personnes m'ont demand\u00e9 de traduire diff\u00e9rents types de documents pour eux \u2013 une lettre juridique pour mon hom\u00e9opathe qui se battait pour la garde de sa fille ; des documents relatifs \u00e0 l'Acte de l'Am\u00e9rique du Nord britannique pour quelqu'un qui contestait les lois fiscales en vigueur, et un trait\u00e9 sur les fondements philosophiques de la m\u00e9decine tao\u00efste pour mon m\u00e9decin chinois en \u00e9change de traitements. Tous ces exemples \u00e9taient du fran\u00e7ais vers l'anglais. J'ai m\u00eame \u00e9t\u00e9 interpr\u00e8te non accr\u00e9dit\u00e9e pour la Cour de justice locale pendant deux ans avant de red\u00e9m\u00e9nager \u00e0 Vancouver.<\/p><p><span style=\"background-color: var(--ast-global-color-5); font-style: inherit; font-weight: inherit; letter-spacing: 0.8px;\">Bien que j'avais r\u00e9ussi, je n'\u00e9tais pas satisfaite de ma note de 79 % et j'ai donc d\u00e9cid\u00e9 de retourner aux \u00e9tudes en tant qu'\u00e9tudiante adulte. J'ai d'abord travaill\u00e9 sur une majeure en anglais avec une mineure en langues modernes (allemand, espagnol et fran\u00e7ais) avec ce qui \u00e9tait alors l'Open Learning Agency (qui fait maintenant partie de l'Universit\u00e9 de Thompson River). Dans le cadre de mon dipl\u00f4me, j'ai pass\u00e9 un an \u00e0 l'Universit\u00e9 Concordia de Montr\u00e9al pour suivre des cours de traduction fran\u00e7ais\/anglais, anglais\/fran\u00e7ais et allemand\/anglais. J'ai \u00e9galement suivi un cours de litt\u00e9rature allemande et de cin\u00e9ma, et un cours de perfectionnement du fran\u00e7ais. J'ai obtenu mon dipl\u00f4me avec mention, et, plus confiante en moi, j'ai commenc\u00e9 \u00e0 travailler \u00e0 la pige sur de nombreux types de projets, allant du mat\u00e9riel technique (manuels d'utilisation, textes pour le web) \u00e0 des textes \u00e9ducatifs, litt\u00e9raires et journalistiques.<\/span><\/p><p>J'ai commenc\u00e9 \u00e0 travailler comme r\u00e9viseuse en tant que b\u00e9n\u00e9vole pour ION Magazine \u2013 un jeu de mots anglais pour \"oeil sur\" \u2013 un magazine consacr\u00e9 \u00e0 la sc\u00e8ne culturelle de Vancouver dirig\u00e9 par l'un des amis de mon fils. Peu apr\u00e8s, j'ai rencontr\u00e9 la R\u00e9dactrice en chef de Momentum Magazine et je suis devenue leur r\u00e9viseuse principale pendant quatre ans.<\/p><p>Je me suis lanc\u00e9e dans l'\u00e9criture fant\u00f4me lorsque, par le biais du bouche \u00e0 oreille, j'ai \u00e9t\u00e9 approch\u00e9e par une entrepreneuse et auteure reconnue pour son travail de promotion des femmes d'affaires bas\u00e9e aux \u00c9tats-Unis. J'ai \u00e9crit trois livres pour elle et collabor\u00e9 \u00e0 quelques autres projets \u00e0 ce titre.<\/p><p>Je r\u00e9side actuellement \u00e0 Edmonton, o\u00f9 je reste au chaud en hiver en buvant beaucoup de th\u00e9 et en c\u00e2linant mon chat Alfons. Lorsque je ne m'adonne pas \u00e0 ma passion pour les mots, je passe mon temps \u00e0 mes autres passions : l'art num\u00e9rique et l'herboristerie.<\/p>\t\t\t\t\t\t\t\t<\/div>\n\t\t\t\t<\/div>\n\t\t\t\t\t<\/div>\n\t\t<\/div>\n\t\t\t\t\t<\/div>\n\t\t<\/section>\n\t\t\t\t<section class=\"elementor-section elementor-top-section elementor-element elementor-element-746c299 elementor-section-boxed elementor-section-height-default elementor-section-height-default\" data-id=\"746c299\" data-element_type=\"section\" data-e-type=\"section\">\n\t\t\t\t\t\t<div class=\"elementor-container elementor-column-gap-default\">\n\t\t\t\t\t<div class=\"elementor-column elementor-col-100 elementor-top-column elementor-element elementor-element-230433cd\" data-id=\"230433cd\" data-element_type=\"column\" data-e-type=\"column\">\n\t\t\t<div class=\"elementor-widget-wrap elementor-element-populated\">\n\t\t\t\t\t\t<div class=\"elementor-element elementor-element-1328290f elementor-widget-divider--view-line_icon elementor-view-default elementor-widget-divider--element-align-center elementor-widget elementor-widget-divider\" data-id=\"1328290f\" data-element_type=\"widget\" data-e-type=\"widget\" data-widget_type=\"divider.default\">\n\t\t\t\t<div class=\"elementor-widget-container\">\n\t\t\t\t\t\t\t<div class=\"elementor-divider\">\n\t\t\t<span class=\"elementor-divider-separator\">\n\t\t\t\t\t\t\t<div class=\"elementor-icon elementor-divider__element\">\n\t\t\t\t\t<svg aria-hidden=\"true\" class=\"e-font-icon-svg e-fas-feather-alt\" viewbox=\"0 0 512 512\" xmlns=\"http:\/\/www.w3.org\/2000\/svg\"><path d=\"M512 0C460.22 3.56 96.44 38.2 71.01 287.61c-3.09 26.66-4.84 53.44-5.99 80.24l178.87-178.69c6.25-6.25 16.4-6.25 22.65 0s6.25 16.38 0 22.63L7.04 471.03c-9.38 9.37-9.38 24.57 0 33.94 9.38 9.37 24.59 9.37 33.98 0l57.13-57.07c42.09-.14 84.15-2.53 125.96-7.36 53.48-5.44 97.02-26.47 132.58-56.54H255.74l146.79-48.88c11.25-14.89 21.37-30.71 30.45-47.12h-81.14l106.54-53.21C500.29 132.86 510.19 26.26 512 0z\"><\/path><\/svg><\/div>\n\t\t\t\t\t\t<\/span>\n\t\t<\/div>\n\t\t\t\t\t\t<\/div>\n\t\t\t\t<\/div>\n\t\t\t\t\t<\/div>\n\t\t<\/div>\n\t\t\t\t\t<\/div>\n\t\t<\/section>\n\t\t\t\t<section class=\"elementor-section elementor-top-section elementor-element elementor-element-cc6b302 animated-slow elementor-section-boxed elementor-section-height-default elementor-section-height-default elementor-invisible\" data-id=\"cc6b302\" data-element_type=\"section\" data-e-type=\"section\" data-settings=\"{&quot;animation&quot;:&quot;fadeInUp&quot;}\">\n\t\t\t\t\t\t<div class=\"elementor-container elementor-column-gap-no\">\n\t\t\t\t\t<div class=\"elementor-column elementor-col-100 elementor-top-column elementor-element elementor-element-464ca99\" data-id=\"464ca99\" data-element_type=\"column\" data-e-type=\"column\">\n\t\t\t<div class=\"elementor-widget-wrap elementor-element-populated\">\n\t\t\t\t\t\t<div class=\"elementor-element elementor-element-200f90e4 elementor-widget elementor-widget-heading\" data-id=\"200f90e4\" data-element_type=\"widget\" data-e-type=\"widget\" data-widget_type=\"heading.default\">\n\t\t\t\t<div class=\"elementor-widget-container\">\n\t\t\t\t\t<h2 class=\"elementor-heading-title elementor-size-default\">PARTAGER<\/h2>\t\t\t\t<\/div>\n\t\t\t\t<\/div>\n\t\t\t\t<div class=\"elementor-element elementor-element-28ece31d bdt-ss-btns-style-gradient bdt-ep-grid-2 bdt-ss-btns-color-custom bdt-ep-grid-mobile-1 elementor-widget__width-initial bdt-ss-btns-view-icon-text bdt-ss-btns-shape-square elementor-widget elementor-widget-bdt-social-share\" data-id=\"28ece31d\" data-element_type=\"widget\" data-e-type=\"widget\" data-widget_type=\"bdt-social-share.default\">\n\t\t\t\t<div class=\"elementor-widget-container\">\n\t\t\t\t\t\t\t<div class=\"bdt-social-share bdt-ep-grid\">\n\t\t\t\t\t\t\t<div class=\"bdt-social-share-item bdt-ep-grid-item\">\n\t\t\t\t\t<div class=\"bdt-ss-btn bdt-ss-facebook\" data-social=\"facebook\">\n\t\t\t\t\t\t\t\t\t\t\t\t\t<span class=\"bdt-ss-icon\">\n\t\t\t\t\t\t\t\t<i class=\"ep-icon-facebook\"><\/i>\n\t\t\t\t\t\t\t<\/span>\n\t\t\t\t\t\t\t\t\t\t\t\t\t\t\t\t\t\t\t<div class=\"bdt-social-share-text bdt-inline\">\n\t\t\t\t\t\t\t\t\t\t\t\t\t\t\t\t\t<span class=\"bdt-social-share-title\">\n\t\t\t\t\t\t\t\t\t\tFacebook\t\t\t\t\t\t\t\t\t<\/span>\n\t\t\t\t\t\t\t\t\t\t\t\t\t\t\t\t\t\t\t\t\t\t\t<\/div>\n\t\t\t\t\t\t\t\t\t\t\t<\/div>\n\t\t\t\t<\/div>\n\t\t\t\t\t\t\t\t<div class=\"bdt-social-share-item bdt-ep-grid-item\">\n\t\t\t\t\t<div class=\"bdt-ss-btn bdt-ss-linkedin\" data-social=\"linkedin\">\n\t\t\t\t\t\t\t\t\t\t\t\t\t<span class=\"bdt-ss-icon\">\n\t\t\t\t\t\t\t\t<i class=\"ep-icon-linkedin\"><\/i>\n\t\t\t\t\t\t\t<\/span>\n\t\t\t\t\t\t\t\t\t\t\t\t\t\t\t\t\t\t\t<div class=\"bdt-social-share-text bdt-inline\">\n\t\t\t\t\t\t\t\t\t\t\t\t\t\t\t\t\t<span class=\"bdt-social-share-title\">\n\t\t\t\t\t\t\t\t\t\tLinkedin\t\t\t\t\t\t\t\t\t<\/span>\n\t\t\t\t\t\t\t\t\t\t\t\t\t\t\t\t\t\t\t\t\t\t\t<\/div>\n\t\t\t\t\t\t\t\t\t\t\t<\/div>\n\t\t\t\t<\/div>\n\t\t\t\t\t\t<\/div>\n\n\t\t\n\t\t\t\t\t\t<\/div>\n\t\t\t\t<\/div>\n\t\t\t\t\t<\/div>\n\t\t<\/div>\n\t\t\t\t\t<\/div>\n\t\t<\/section>\n\t\t\t\t<section class=\"elementor-section elementor-top-section elementor-element elementor-element-4ba1cb15 elementor-section-stretched elementor-section-full_width elementor-section-height-default elementor-section-height-default\" data-id=\"4ba1cb15\" data-element_type=\"section\" data-e-type=\"section\" data-settings=\"{&quot;stretch_section&quot;:&quot;section-stretched&quot;,&quot;shape_divider_bottom&quot;:&quot;mountains&quot;}\">\n\t\t\t\t\t<div class=\"elementor-shape elementor-shape-bottom\" aria-hidden=\"true\" data-negative=\"false\">\n\t\t\t<svg xmlns=\"http:\/\/www.w3.org\/2000\/svg\" viewbox=\"0 0 1000 100\" preserveaspectratio=\"none\">\n\t<path class=\"elementor-shape-fill\" opacity=\"0.33\" d=\"M473,67.3c-203.9,88.3-263.1-34-320.3,0C66,119.1,0,59.7,0,59.7V0h1000v59.7 c0,0-62.1,26.1-94.9,29.3c-32.8,3.3-62.8-12.3-75.8-22.1C806,49.6,745.3,8.7,694.9,4.7S492.4,59,473,67.3z\"\/>\n\t<path class=\"elementor-shape-fill\" opacity=\"0.66\" d=\"M734,67.3c-45.5,0-77.2-23.2-129.1-39.1c-28.6-8.7-150.3-10.1-254,39.1 s-91.7-34.4-149.2,0C115.7,118.3,0,39.8,0,39.8V0h1000v36.5c0,0-28.2-18.5-92.1-18.5C810.2,18.1,775.7,67.3,734,67.3z\"\/>\n\t<path class=\"elementor-shape-fill\" d=\"M766.1,28.9c-200-57.5-266,65.5-395.1,19.5C242,1.8,242,5.4,184.8,20.6C128,35.8,132.3,44.9,89.9,52.5C28.6,63.7,0,0,0,0 h1000c0,0-9.9,40.9-83.6,48.1S829.6,47,766.1,28.9z\"\/>\n<\/svg>\t\t<\/div>\n\t\t\t\t\t<div class=\"elementor-container elementor-column-gap-default\">\n\t\t\t\t\t<div class=\"elementor-column elementor-col-100 elementor-top-column elementor-element elementor-element-76f4f66a\" data-id=\"76f4f66a\" data-element_type=\"column\" data-e-type=\"column\">\n\t\t\t<div class=\"elementor-widget-wrap elementor-element-populated\">\n\t\t\t\t\t\t<div class=\"elementor-element elementor-element-444f68f9 elementor-widget elementor-widget-spacer\" data-id=\"444f68f9\" data-element_type=\"widget\" data-e-type=\"widget\" data-widget_type=\"spacer.default\">\n\t\t\t\t<div class=\"elementor-widget-container\">\n\t\t\t\t\t\t\t<div class=\"elementor-spacer\">\n\t\t\t<div class=\"elementor-spacer-inner\"><\/div>\n\t\t<\/div>\n\t\t\t\t\t\t<\/div>\n\t\t\t\t<\/div>\n\t\t\t\t\t<\/div>\n\t\t<\/div>\n\t\t\t\t\t<\/div>\n\t\t<\/section>\n\t\t\t\t<\/div>","protected":false},"excerpt":{"rendered":"<p>About Me I am a word-nerd with a special fondness for Shakespeare\u2019s Sonnets and reading dictionaries for fun. I fix [&hellip;]<\/p>\n","protected":false},"author":1,"featured_media":57,"parent":0,"menu_order":0,"comment_status":"closed","ping_status":"closed","template":"","meta":{"pagelayer_contact_templates":[],"_pagelayer_content":"","site-sidebar-layout":"no-sidebar","site-content-layout":"","ast-site-content-layout":"full-width-container","site-content-style":"default","site-sidebar-style":"default","ast-global-header-display":"","ast-banner-title-visibility":"disabled","ast-main-header-display":"","ast-hfb-above-header-display":"","ast-hfb-below-header-display":"","ast-hfb-mobile-header-display":"","site-post-title":"disabled","ast-breadcrumbs-content":"","ast-featured-img":"disabled","footer-sml-layout":"","ast-disable-related-posts":"","theme-transparent-header-meta":"","adv-header-id-meta":"","stick-header-meta":"","header-above-stick-meta":"","header-main-stick-meta":"","header-below-stick-meta":"","astra-migrate-meta-layouts":"default","ast-page-background-enabled":"default","ast-page-background-meta":{"desktop":{"background-color":"var(--ast-global-color-4)","background-image":"","background-repeat":"repeat","background-position":"center center","background-size":"auto","background-attachment":"scroll","background-type":"","background-media":"","overlay-type":"","overlay-color":"","overlay-opacity":"","overlay-gradient":""},"tablet":{"background-color":"","background-image":"","background-repeat":"repeat","background-position":"center center","background-size":"auto","background-attachment":"scroll","background-type":"","background-media":"","overlay-type":"","overlay-color":"","overlay-opacity":"","overlay-gradient":""},"mobile":{"background-color":"","background-image":"","background-repeat":"repeat","background-position":"center center","background-size":"auto","background-attachment":"scroll","background-type":"","background-media":"","overlay-type":"","overlay-color":"","overlay-opacity":"","overlay-gradient":""}},"ast-content-background-meta":{"desktop":{"background-color":"var(--ast-global-color-5)","background-image":"","background-repeat":"repeat","background-position":"center center","background-size":"auto","background-attachment":"scroll","background-type":"","background-media":"","overlay-type":"","overlay-color":"","overlay-opacity":"","overlay-gradient":""},"tablet":{"background-color":"var(--ast-global-color-5)","background-image":"","background-repeat":"repeat","background-position":"center center","background-size":"auto","background-attachment":"scroll","background-type":"","background-media":"","overlay-type":"","overlay-color":"","overlay-opacity":"","overlay-gradient":""},"mobile":{"background-color":"var(--ast-global-color-5)","background-image":"","background-repeat":"repeat","background-position":"center center","background-size":"auto","background-attachment":"scroll","background-type":"","background-media":"","overlay-type":"","overlay-color":"","overlay-opacity":"","overlay-gradient":""}},"footnotes":""},"class_list":["post-168","page","type-page","status-publish","has-post-thumbnail","hentry"],"_links":{"self":[{"href":"https:\/\/vitalanguageservices.ca\/fr\/wp-json\/wp\/v2\/pages\/168","targetHints":{"allow":["GET"]}}],"collection":[{"href":"https:\/\/vitalanguageservices.ca\/fr\/wp-json\/wp\/v2\/pages"}],"about":[{"href":"https:\/\/vitalanguageservices.ca\/fr\/wp-json\/wp\/v2\/types\/page"}],"author":[{"embeddable":true,"href":"https:\/\/vitalanguageservices.ca\/fr\/wp-json\/wp\/v2\/users\/1"}],"replies":[{"embeddable":true,"href":"https:\/\/vitalanguageservices.ca\/fr\/wp-json\/wp\/v2\/comments?post=168"}],"version-history":[{"count":37,"href":"https:\/\/vitalanguageservices.ca\/fr\/wp-json\/wp\/v2\/pages\/168\/revisions"}],"predecessor-version":[{"id":746,"href":"https:\/\/vitalanguageservices.ca\/fr\/wp-json\/wp\/v2\/pages\/168\/revisions\/746"}],"wp:featuredmedia":[{"embeddable":true,"href":"https:\/\/vitalanguageservices.ca\/fr\/wp-json\/wp\/v2\/media\/57"}],"wp:attachment":[{"href":"https:\/\/vitalanguageservices.ca\/fr\/wp-json\/wp\/v2\/media?parent=168"}],"curies":[{"name":"wp","href":"https:\/\/api.w.org\/{rel}","templated":true}]}}